{"id":14157,"date":"2020-07-25T09:01:08","date_gmt":"2020-07-25T09:01:08","guid":{"rendered":"https:\/\/cascinasangiovanni.com\/haendlershop\/unkategorisiert\/import-placeholder-for-5844\/"},"modified":"2026-03-03T10:50:03","modified_gmt":"2026-03-03T10:50:03","slug":"tartufi-dolci-caramello-e-nocciole-salate-mini-7g","status":"publish","type":"product","link":"https:\/\/www.cascinasangiovanni.com\/en\/product\/tartufi-dolci-caramello-e-nocciole-salate-mini-7g\/","title":{"rendered":"Tartufi dolci caramello e nocciole salate mini 7g"},"content":{"rendered":"","protected":false},"excerpt":{"rendered":"<p><strong>S\u00fcsser Tr\u00fcffel mit Karamell und gesalzenen Haseln\u00fcssen (klein)<\/strong><br \/>\nZutaten: weisse Schokolade mit Karamell, Zucker, Kakaobutter, Piemontesische Haseln\u00fcsse, Haselnusspaste, Kakaopulver, Salz.<\/p>","protected":false},"featured_media":17205,"template":"","meta":[],"product_brand":[],"product_cat":[483],"product_tag":[],"class_list":{"0":"post-14157","1":"product","2":"type-product","3":"status-publish","4":"has-post-thumbnail","6":"product_cat-dolci","7":"pa_ernaehrungsangaben-glutenfrei","8":"pa_ernaehrungsangaben-vegetarisch","9":"pa_marke-cascina-san-giovanni","10":"pa_marke-via-emilia","12":"first","13":"instock","14":"shipping-taxable","15":"purchasable","16":"product-type-simple"},"_links":{"self":[{"href":"https:\/\/www.cascinasangiovanni.com\/en\/wp-json\/wp\/v2\/product\/14157","targetHints":{"allow":["GET"]}}],"collection":[{"href":"https:\/\/www.cascinasangiovanni.com\/en\/wp-json\/wp\/v2\/product"}],"about":[{"href":"https:\/\/www.cascinasangiovanni.com\/en\/wp-json\/wp\/v2\/types\/product"}],"wp:featuredmedia":[{"embeddable":true,"href":"https:\/\/www.cascinasangiovanni.com\/en\/wp-json\/wp\/v2\/media\/17205"}],"wp:attachment":[{"href":"https:\/\/www.cascinasangiovanni.com\/en\/wp-json\/wp\/v2\/media?parent=14157"}],"wp:term":[{"taxonomy":"product_brand","embeddable":true,"href":"https:\/\/www.cascinasangiovanni.com\/en\/wp-json\/wp\/v2\/product_brand?post=14157"},{"taxonomy":"product_cat","embeddable":true,"href":"https:\/\/www.cascinasangiovanni.com\/en\/wp-json\/wp\/v2\/product_cat?post=14157"},{"taxonomy":"product_tag","embeddable":true,"href":"https:\/\/www.cascinasangiovanni.com\/en\/wp-json\/wp\/v2\/product_tag?post=14157"}],"curies":[{"name":"wp","href":"https:\/\/api.w.org\/{rel}","templated":true}]}}